{"id":10301,"date":"2021-05-19T11:19:21","date_gmt":"2021-05-19T10:19:21","guid":{"rendered":"https:\/\/www.biability.com\/entradas\/"},"modified":"2021-05-19T11:19:22","modified_gmt":"2021-05-19T10:19:22","slug":"entradas","status":"publish","type":"page","link":"https:\/\/www.biability.com\/en\/entradas\/","title":{"rendered":"Entradas"},"content":{"rendered":"\t\t<div data-elementor-type=\"wp-page\" data-elementor-id=\"10301\" class=\"elementor elementor-10301 elementor-87\" data-elementor-post-type=\"page\">\n\t\t\t\t\t\t<section class=\"elementor-section elementor-top-section elementor-element elementor-element-59f203cb elementor-section-height-min-height elementor-section-boxed elementor-section-height-default elementor-section-items-middle\" data-id=\"59f203cb\" data-element_type=\"section\" data-e-type=\"section\" data-settings=\"{&quot;background_background&quot;:&quot;classic&quot;}\">\n\t\t\t\t\t\t\t<div class=\"elementor-background-overlay\"><\/div>\n\t\t\t\t\t\t\t<div class=\"elementor-container elementor-column-gap-default\">\n\t\t\t\t\t<div class=\"elementor-column elementor-col-100 elementor-top-column elementor-element elementor-element-4a705e62\" data-id=\"4a705e62\" data-element_type=\"column\" data-e-type=\"column\">\n\t\t\t<div class=\"elementor-widget-wrap elementor-element-populated\">\n\t\t\t\t\t\t<div class=\"elementor-element elementor-element-77de93a5 elementor-widget elementor-widget-heading\" data-id=\"77de93a5\" data-element_type=\"widget\" data-e-type=\"widget\" data-widget_type=\"heading.default\">\n\t\t\t\t<div class=\"elementor-widget-container\">\n\t\t\t\t\t<h2 class=\"elementor-heading-title elementor-size-default\">Blog<\/h2>\t\t\t\t<\/div>\n\t\t\t\t<\/div>\n\t\t\t\t\t<\/div>\n\t\t<\/div>\n\t\t\t\t\t<\/div>\n\t\t<\/section>\n\t\t\t\t<section class=\"elementor-section elementor-top-section elementor-element elementor-element-117ad2d elementor-section-boxed elementor-section-height-default elementor-section-height-default\" data-id=\"117ad2d\" data-element_type=\"section\" data-e-type=\"section\" data-settings=\"{&quot;background_background&quot;:&quot;classic&quot;}\">\n\t\t\t\t\t\t<div class=\"elementor-container elementor-column-gap-default\">\n\t\t\t\t\t<div class=\"elementor-column elementor-col-100 elementor-top-column elementor-element elementor-element-45764a9d\" data-id=\"45764a9d\" data-element_type=\"column\" data-e-type=\"column\">\n\t\t\t<div class=\"elementor-widget-wrap elementor-element-populated\">\n\t\t\t\t\t\t<div class=\"elementor-element elementor-element-347cb722 elementor-grid-eael-col-3 elementor-grid-tablet-eael-col-2 elementor-grid-mobile-eael-col-1 elementor-widget elementor-widget-eael-post-grid\" data-id=\"347cb722\" data-element_type=\"widget\" data-e-type=\"widget\" data-settings=\"{&quot;eael_post_grid_columns&quot;:&quot;eael-col-3&quot;,&quot;eael_post_grid_columns_tablet&quot;:&quot;eael-col-2&quot;,&quot;eael_post_grid_columns_mobile&quot;:&quot;eael-col-1&quot;}\" data-widget_type=\"eael-post-grid.default\">\n\t\t\t\t<div class=\"elementor-widget-container\">\n\t\t\t\t\t<div id=\"eael-post-grid-347cb722\" class=\"eael-post-grid-container\">\n            <div class=\"eael-post-grid eael-post-appender eael-post-appender-347cb722 eael-post-grid-style-two\" data-layout-mode=\"masonry\"><article class=\"eael-grid-post  eael-post-grid-column eael-pg-post-10425 category-blog-en\" data-id=\"10425\">\n    <div class=\"eael-grid-post-holder\">\n        <div class=\"eael-grid-post-holder-inner\"><div class=\"eael-entry-media\"><div class=\"eael-entry-overlay fade-in\"><i class=\"fas fa-long-arrow-alt-right\" aria-hidden=\"true\"><\/i><a href=\"https:\/\/www.biability.com\/en\/montar-el-chiringuito\/\"><\/a><\/div><div class=\"eael-entry-thumbnail \">\n                            <img fetchpriority=\"high\" decoding=\"async\" width=\"768\" height=\"512\" src=\"https:\/\/www.biability.com\/wp-content\/uploads\/2020\/10\/website-development-768x512.jpg\" class=\"attachment-medium_large size-medium_large wp-image-10426\" alt=\"\" srcset=\"https:\/\/www.biability.com\/wp-content\/uploads\/2020\/10\/website-development-768x512.jpg 768w, https:\/\/www.biability.com\/wp-content\/uploads\/2020\/10\/website-development-300x200.jpg 300w, https:\/\/www.biability.com\/wp-content\/uploads\/2020\/10\/website-development-1024x683.jpg 1024w, https:\/\/www.biability.com\/wp-content\/uploads\/2020\/10\/website-development.jpg 1250w\" sizes=\"(max-width: 768px) 100vw, 768px\" \/>\n                            <\/div>\n                    <\/div><div class=\"eael-entry-wrapper\"><header class=\"eael-entry-header\"><h2 class=\"eael-entry-title\"><a class=\"eael-grid-post-link\" href=\"https:\/\/www.biability.com\/en\/montar-el-chiringuito\/\" title=\"Montar el chiringuito\">Montar el chiringuito<\/a><\/h2><\/header><div class=\"eael-entry-content\">\n                                <div class=\"eael-grid-post-excerpt\"><p>Hay una acepci\u00f3n no aceptada por la RAE, al menos...<\/p><a href=\"https:\/\/www.biability.com\/en\/montar-el-chiringuito\/\" class=\"eael-post-elements-readmore-btn\">Leer m\u00e1s &rarr;<\/a><\/div>\n                            <\/div><div class=\"eael-entry-header-after style-two\"><div class=\"eael-entry-meta\"><span class=\"eael-meta-posted-on\"><i class=\"far fa-clock\"><\/i><time datetime=\"May 20, 2021\">May 20, 2021<\/time><\/span><\/div><\/div><\/div><\/div>\n    <\/div>\n<\/article><article class=\"eael-grid-post  eael-post-grid-column eael-pg-post-10415 category-blog-en\" data-id=\"10415\">\n    <div class=\"eael-grid-post-holder\">\n        <div class=\"eael-grid-post-holder-inner\"><div class=\"eael-entry-media\"><div class=\"eael-entry-overlay fade-in\"><i class=\"fas fa-long-arrow-alt-right\" aria-hidden=\"true\"><\/i><a href=\"https:\/\/www.biability.com\/en\/webinar-de-carlos-iglesias\/\"><\/a><\/div><div class=\"eael-entry-thumbnail \">\n                            <img decoding=\"async\" width=\"768\" height=\"432\" src=\"https:\/\/www.biability.com\/wp-content\/uploads\/2020\/10\/snowflake-1024x576-1-768x432.jpg\" class=\"attachment-medium_large size-medium_large wp-image-10416\" alt=\"\" \/>\n                            <\/div>\n                    <\/div><div class=\"eael-entry-wrapper\"><header class=\"eael-entry-header\"><h2 class=\"eael-entry-title\"><a class=\"eael-grid-post-link\" href=\"https:\/\/www.biability.com\/en\/webinar-de-carlos-iglesias\/\" title=\"Webinar Snowflake\">Webinar Snowflake<\/a><\/h2><\/header><div class=\"eael-entry-content\">\n                                <div class=\"eael-grid-post-excerpt\"><p>Varios son los motivos que est\u00e1n haciendo plantearse a las...<\/p><a href=\"https:\/\/www.biability.com\/en\/webinar-de-carlos-iglesias\/\" class=\"eael-post-elements-readmore-btn\">Leer m\u00e1s &rarr;<\/a><\/div>\n                            <\/div><div class=\"eael-entry-header-after style-two\"><div class=\"eael-entry-meta\"><span class=\"eael-meta-posted-on\"><i class=\"far fa-clock\"><\/i><time datetime=\"May 20, 2021\">May 20, 2021<\/time><\/span><\/div><\/div><\/div><\/div>\n    <\/div>\n<\/article><article class=\"eael-grid-post  eael-post-grid-column eael-pg-post-10385 category-blog-en\" data-id=\"10385\">\n    <div class=\"eael-grid-post-holder\">\n        <div class=\"eael-grid-post-holder-inner\"><div class=\"eael-entry-wrapper\"><header class=\"eael-entry-header\"><h2 class=\"eael-entry-title\"><a class=\"eael-grid-post-link\" href=\"https:\/\/www.biability.com\/en\/tambien-los-graficos-tuvieron-un-inventor\/\" title=\"Tambi\u00e9n los gr\u00e1ficos tuvieron un inventor&#8230;\">Tambi\u00e9n los gr\u00e1ficos tuvieron un inventor&#8230;<\/a><\/h2><\/header><div class=\"eael-entry-content\">\n                                <div class=\"eael-grid-post-excerpt\"><p>Leyendo un tratado sobre historia de la estad\u00edstica lleg\u00f3 a...<\/p><a href=\"https:\/\/www.biability.com\/en\/tambien-los-graficos-tuvieron-un-inventor\/\" class=\"eael-post-elements-readmore-btn\">Leer m\u00e1s &rarr;<\/a><\/div>\n                            <\/div><div class=\"eael-entry-header-after style-two\"><div class=\"eael-entry-meta\"><span class=\"eael-meta-posted-on\"><i class=\"far fa-clock\"><\/i><time datetime=\"May 20, 2021\">May 20, 2021<\/time><\/span><\/div><\/div><\/div><\/div>\n    <\/div>\n<\/article><\/div>\n            <div class=\"clearfix\"><\/div>\n        <\/div>            <div class=\"eael-load-more-button-wrap\">\n                <button class=\"eael-load-more-button\" id=\"eael-load-more-btn-347cb722\" data-widget-id=\"347cb722\" data-widget=\"347cb722\" data-page-id=\"10301\" data-template=\"{&quot;dir&quot;:&quot;lite&quot;,&quot;file_name&quot;:&quot;two.php&quot;,&quot;name&quot;:&quot;Post-Grid&quot;}\" data-class=\"Essential_Addons_Elementor\\Elements\\Post_Grid\" data-layout=\"masonry\" data-page=\"1\" data-args=\"orderby=date&amp;order=desc&amp;ignore_sticky_posts=1&amp;post_status=publish&amp;posts_per_page=3&amp;offset=0&amp;post_type=post&amp;tax_query%5B0%5D%5Btaxonomy%5D=category&amp;tax_query%5B0%5D%5Bfield%5D=term_id&amp;tax_query%5B0%5D%5Bterms%5D%5B0%5D=8&amp;tax_query%5Brelation%5D=AND\" data-max-page=\"2\">\n                    <span class=\"eael-btn-loader button__loader\"><\/span>\n                    <span class=\"eael_load_more_text\">Cargar m\u00e1s<\/span>\n                <\/button>\n            <\/div>\n            \t\t\t\t<\/div>\n\t\t\t\t<\/div>\n\t\t\t\t\t<\/div>\n\t\t<\/div>\n\t\t\t\t\t<\/div>\n\t\t<\/section>\n\t\t\t\t<\/div>\n\t\t","protected":false},"excerpt":{"rendered":"<p>Blog Tecnolog\u00eda y psicolog\u00eda An\u00e1lisis interno a partir de la API de Spotify. Como&#8230; Leer m\u00e1s &rarr; marzo 31, 2021 Tambi\u00e9n los gr\u00e1ficos tuvieron un inventor&#8230; Leyendo un tratado sobre historia de la estad\u00edstica lleg\u00f3 a&#8230; Leer m\u00e1s &rarr; febrero 16, 2021 Webinar de Carlos Iglesias Varios son los motivos que est\u00e1n haciendo plantearse a [&hellip;]<\/p>\n","protected":false},"author":6,"featured_media":0,"parent":0,"menu_order":0,"comment_status":"closed","ping_status":"closed","template":"elementor_header_footer","meta":{"footnotes":""},"class_list":["post-10301","page","type-page","status-publish","hentry"],"_links":{"self":[{"href":"https:\/\/www.biability.com\/en\/wp-json\/wp\/v2\/pages\/10301","targetHints":{"allow":["GET"]}}],"collection":[{"href":"https:\/\/www.biability.com\/en\/wp-json\/wp\/v2\/pages"}],"about":[{"href":"https:\/\/www.biability.com\/en\/wp-json\/wp\/v2\/types\/page"}],"author":[{"embeddable":true,"href":"https:\/\/www.biability.com\/en\/wp-json\/wp\/v2\/users\/6"}],"replies":[{"embeddable":true,"href":"https:\/\/www.biability.com\/en\/wp-json\/wp\/v2\/comments?post=10301"}],"version-history":[{"count":1,"href":"https:\/\/www.biability.com\/en\/wp-json\/wp\/v2\/pages\/10301\/revisions"}],"predecessor-version":[{"id":10302,"href":"https:\/\/www.biability.com\/en\/wp-json\/wp\/v2\/pages\/10301\/revisions\/10302"}],"wp:attachment":[{"href":"https:\/\/www.biability.com\/en\/wp-json\/wp\/v2\/media?parent=10301"}],"curies":[{"name":"wp","href":"https:\/\/api.w.org\/{rel}","templated":true}]}}